{"id":224,"date":"2024-02-22T03:50:17","date_gmt":"2024-02-22T03:50:17","guid":{"rendered":"https:\/\/socijanimukljucivanjemdosmanjenjainstitucionalizacije.com\/?page_id=224"},"modified":"2025-09-14T16:32:59","modified_gmt":"2025-09-14T16:32:59","slug":"naslovnica","status":"publish","type":"page","link":"https:\/\/socijanimukljucivanjemdosmanjenjainstitucionalizacije.com\/","title":{"rendered":"Naslovnica"},"content":{"rendered":"\n    \n    <section class=\"u-align-center u-clearfix u-image u-shading u-section-2\" src=\"\" data-image-width=\"1620\" data-image-height=\"1080\" id=\"carousel_aeea\" style=\"background-image: linear-gradient(0deg, rgba(235, 235, 223, 0.15), rgba(235, 235, 223, 0.15)), url(&quot;https:\/\/socijanimukljucivanjemdosmanjenjainstitucionalizacije.com\/wp-content\/uploads\/2024\/02\/rrrr-min-4.jpg&quot;);\">\n      <div class=\"u-clearfix u-sheet u-valign-middle-lg u-valign-middle-md u-valign-middle-sm u-valign-middle-xs u-sheet-1\">\n        <a href=\"https:\/\/socijanimukljucivanjemdosmanjenjainstitucionalizacije.com\/?p=108\" class=\"u-btn u-button-style u-hover-palette-1-dark-1 u-palette-1-base u-btn-1\" target=\"_blank\"> JAVNI POZIV osobama starijim<br>&nbsp;od 65 godina i&nbsp;<br>osobama s invaliditetom\n        <\/a>\n        <div class=\"u-expanded-width u-list u-list-1\">\n          <div class=\"u-repeater u-repeater-1\">\n            <div class=\"u-container-style u-list-item u-palette-3-light-3 u-repeater-item u-list-item-1\">\n              <div class=\"u-container-layout u-similar-container u-container-layout-1\">\n                <h4 class=\"u-align-center-md u-align-center-sm u-align-center-xs u-text u-text-default u-text-1\"> KODNI BROJ: SF.3.4.11.01.0590<br>\n                  <br> UKUPNA VRIJEDNOST PROJEKTA: 1.350.000,00 EUR<br>\n                <\/h4>\n              <\/div>\n            <\/div>\n            <div class=\"u-container-style u-list-item u-palette-3-light-3 u-repeater-item u-list-item-2\">\n              <div class=\"u-container-layout u-similar-container u-container-layout-2\">\n                <h4 class=\"u-align-center-md u-align-center-sm u-align-center-xs u-text u-text-default u-text-2\"> PARTNERI:&nbsp;<br>Domovinska i iseljeni\u010dka zajednica,&nbsp;<br>Udruga zagreba\u010dki dragovoljci branitelja Vukovara \n                <\/h4>\n              <\/div>\n            <\/div>\n            <div class=\"u-container-style u-list-item u-palette-3-light-3 u-repeater-item u-list-item-3\">\n              <div class=\"u-container-layout u-similar-container u-container-layout-3\">\n                <h4 class=\"u-align-center-md u-align-center-sm u-align-center-xs u-text u-text-default u-text-3\">IZNOS EU POTPORE: 1.350.000,00 EUR <br>Bespovratna sredstva osigurana su iz Europskog socijalnog fonda Plus 85% i iz Dr\u017eavnog prora\u010duna 15%. \n                <\/h4>\n              <\/div>\n            <\/div>\n          <\/div>\n        <\/div>\n      <\/div>\n    <\/section>\n    <section class=\"u-align-center u-clearfix u-palette-3-base u-section-3\" id=\"carousel_c208\">\n      <div class=\"u-clearfix u-sheet u-valign-middle-md u-sheet-1\">\n        <p class=\"u-text u-text-1\">KRATKI OPIS PROJEKTA: pru\u017eanje usluge potpore i podr\u0161ke u svakodnevnom \u017eivotu starijim osobama od 65 godina  i osobama s invaliditetom. <br>Zaposlene osobe na projektu pripadnicima ciljne skupine pomo\u0107i \u0107e u organizaciji prehrane, obavljanju ku\u0107anskih poslova, odr\u017eavanju osobne higijene, nabavit \u0107e se i podijeliti paketi s ku\u0107anskim i higijenskim potrep\u0161tinama te \u0107e prijavitelj zajedno s partnerom odra\u0111ivati vidljivost projekta te upravljanje projektom i administraciju. U projekt \u0107e se uklju\u010diti minimalno 180 pripadnika ciljne skupine, to\u010dnije starijih osoba od 65 godina i\/ili osoba s invaliditetom. <br>Trajanje projekta: 30 mjeseci \n        <\/p>\n      <\/div>\n    <\/section>\n    <section class=\"u-align-center u-clearfix u-custom-color-1 u-section-4\" id=\"sec-d1d3\">\n      <div class=\"u-clearfix u-sheet u-valign-middle-md u-valign-middle-xs u-sheet-1\">\n        <h2 class=\"u-text u-text-body-alt-color u-text-default-xl u-text-1\">KONTAKT: Hrvatski institut za migracije i integracije <\/h2>\n        <p class=\"u-text u-text-body-alt-color u-text-2\">Brune Bu\u0161i\u0107a 26,&nbsp; 32000 Vukovar&nbsp;<\/p>\n        <p class=\"u-text u-text-body-alt-color u-text-3\">099 502 3400<\/p>\n        <p class=\"u-text u-text-body-alt-color u-text-4\">zazeli.himi@gmail.com <\/p>\n      <\/div>\n    <\/section>\n    \n    \n    \n  \n","protected":false},"excerpt":{"rendered":"<p>JAVNI POZIV osobama starijim&nbsp;od 65 godina i&nbsp;osobama s invaliditetom KODNI BROJ: SF.3.4.11.01.0590 UKUPNA VRIJEDNOST PROJEKTA: 1.350.000,00 EUR PARTNERI:&nbsp;Domovinska i iseljeni\u010dka zajednica,&nbsp;Udruga zagreba\u010dki dragovoljci branitelja Vukovara IZNOS EU POTPORE: 1.350.000,00 EUR Bespovratna sredstva osigurana su iz Europskog socijalnog fonda Plus 85% i iz Dr\u017eavnog prora\u010duna 15%. KRATKI OPIS PROJEKTA: pru\u017eanje usluge potpore i podr\u0161ke u svakodnevnom &hellip; <a href=\"https:\/\/socijanimukljucivanjemdosmanjenjainstitucionalizacije.com\/\" class=\"more-link\">Continue reading<span class=\"screen-reader-text\"> &#8220;Naslovnica&#8221;<\/span><\/a><\/p>\n","protected":false},"author":1,"featured_media":0,"parent":0,"menu_order":1,"comment_status":"closed","ping_status":"closed","template":"","meta":{"footnotes":""},"class_list":["post-224","page","type-page","status-publish","hentry"],"_links":{"self":[{"href":"https:\/\/socijanimukljucivanjemdosmanjenjainstitucionalizacije.com\/index.php?rest_route=\/wp\/v2\/pages\/224","targetHints":{"allow":["GET"]}}],"collection":[{"href":"https:\/\/socijanimukljucivanjemdosmanjenjainstitucionalizacije.com\/index.php?rest_route=\/wp\/v2\/pages"}],"about":[{"href":"https:\/\/socijanimukljucivanjemdosmanjenjainstitucionalizacije.com\/index.php?rest_route=\/wp\/v2\/types\/page"}],"author":[{"embeddable":true,"href":"https:\/\/socijanimukljucivanjemdosmanjenjainstitucionalizacije.com\/index.php?rest_route=\/wp\/v2\/users\/1"}],"replies":[{"embeddable":true,"href":"https:\/\/socijanimukljucivanjemdosmanjenjainstitucionalizacije.com\/index.php?rest_route=%2Fwp%2Fv2%2Fcomments&post=224"}],"version-history":[{"count":6,"href":"https:\/\/socijanimukljucivanjemdosmanjenjainstitucionalizacije.com\/index.php?rest_route=\/wp\/v2\/pages\/224\/revisions"}],"predecessor-version":[{"id":322,"href":"https:\/\/socijanimukljucivanjemdosmanjenjainstitucionalizacije.com\/index.php?rest_route=\/wp\/v2\/pages\/224\/revisions\/322"}],"wp:attachment":[{"href":"https:\/\/socijanimukljucivanjemdosmanjenjainstitucionalizacije.com\/index.php?rest_route=%2Fwp%2Fv2%2Fmedia&parent=224"}],"curies":[{"name":"wp","href":"https:\/\/api.w.org\/{rel}","templated":true}]}}